{"id":245,"date":"2023-06-11T13:44:25","date_gmt":"2023-06-11T13:44:25","guid":{"rendered":"https:\/\/dachundbaugmbh.de\/?page_id=245"},"modified":"2023-06-12T11:46:36","modified_gmt":"2023-06-12T11:46:36","slug":"impressum","status":"publish","type":"page","link":"https:\/\/dachundbaugmbh.de\/?page_id=245","title":{"rendered":"Impressum"},"content":{"rendered":"\t\t<div data-elementor-type=\"wp-page\" data-elementor-id=\"245\" class=\"elementor elementor-245\">\n\t\t\t\t\t\t<section class=\"elementor-section elementor-top-section elementor-element elementor-element-d3d5aba elementor-section-boxed elementor-section-height-default elementor-section-height-default\" data-id=\"d3d5aba\" data-element_type=\"section\">\n\t\t\t\t\t\t<div class=\"elementor-container elementor-column-gap-default\">\n\t\t\t\t\t<div class=\"elementor-column elementor-col-100 elementor-top-column elementor-element elementor-element-0174c3c\" data-id=\"0174c3c\" data-element_type=\"column\">\n\t\t\t<div class=\"elementor-widget-wrap elementor-element-populated\">\n\t\t\t\t\t\t<div class=\"elementor-element elementor-element-3e9df77 elementor-widget elementor-widget-text-editor\" data-id=\"3e9df77\" data-element_type=\"widget\" data-widget_type=\"text-editor.default\">\n\t\t\t\t<div class=\"elementor-widget-container\">\n\t\t\t\t\t\t\t\t\t<h6>M\u00fcller Dach und Bau GmbH<br>Bernburger Str. 29<br>06425 Alsleben<br>e-Mail: info@dachundbaugmbh.de<br>Telefon: 034692\/384488<br>Fax: 034692\/38489&nbsp;<\/h6>\n<h6>St.-Nr.: 116\/107\/06829<\/h6>\n<h6>Amtsgericht Stendal HRB 20076&nbsp;<\/h6><h6>Gesch\u00e4ftsf\u00fchrer J\u00f6rg M\u00fcller, Claudia M\u00fcller, Christian M\u00fcller<\/h6>\t\t\t\t\t\t\t\t<\/div>\n\t\t\t\t<\/div>\n\t\t\t\t\t<\/div>\n\t\t<\/div>\n\t\t\t\t\t<\/div>\n\t\t<\/section>\n\t\t\t\t<\/div>\n\t\t","protected":false},"excerpt":{"rendered":"<p>M\u00fcller Dach und Bau GmbHBernburger Str. 2906425 Alslebene-Mail: info@dachundbaugmbh.deTelefon: 034692\/384488Fax: 034692\/38489&nbsp; St.-Nr.: 116\/107\/06829 Amtsgericht Stendal HRB 20076&nbsp; Gesch\u00e4ftsf\u00fchrer J\u00f6rg M\u00fcller, Claudia M\u00fcller, Christian M\u00fcller<\/p>\n","protected":false},"author":1,"featured_media":0,"parent":0,"menu_order":0,"comment_status":"closed","ping_status":"closed","template":"","meta":{"footnotes":""},"class_list":["post-245","page","type-page","status-publish","hentry"],"_links":{"self":[{"href":"https:\/\/dachundbaugmbh.de\/index.php?rest_route=\/wp\/v2\/pages\/245","targetHints":{"allow":["GET"]}}],"collection":[{"href":"https:\/\/dachundbaugmbh.de\/index.php?rest_route=\/wp\/v2\/pages"}],"about":[{"href":"https:\/\/dachundbaugmbh.de\/index.php?rest_route=\/wp\/v2\/types\/page"}],"author":[{"embeddable":true,"href":"https:\/\/dachundbaugmbh.de\/index.php?rest_route=\/wp\/v2\/users\/1"}],"replies":[{"embeddable":true,"href":"https:\/\/dachundbaugmbh.de\/index.php?rest_route=%2Fwp%2Fv2%2Fcomments&post=245"}],"version-history":[{"count":16,"href":"https:\/\/dachundbaugmbh.de\/index.php?rest_route=\/wp\/v2\/pages\/245\/revisions"}],"predecessor-version":[{"id":349,"href":"https:\/\/dachundbaugmbh.de\/index.php?rest_route=\/wp\/v2\/pages\/245\/revisions\/349"}],"wp:attachment":[{"href":"https:\/\/dachundbaugmbh.de\/index.php?rest_route=%2Fwp%2Fv2%2Fmedia&parent=245"}],"curies":[{"name":"wp","href":"https:\/\/api.w.org\/{rel}","templated":true}]}}