{"id":233,"date":"2023-06-10T10:35:55","date_gmt":"2023-06-10T10:35:55","guid":{"rendered":"https:\/\/dachundbaugmbh.de\/?page_id=233"},"modified":"2025-08-24T21:23:05","modified_gmt":"2025-08-24T21:23:05","slug":"referenzen","status":"publish","type":"page","link":"https:\/\/dachundbaugmbh.de\/?page_id=233","title":{"rendered":"Leistungsspektrum"},"content":{"rendered":"\t\t<div data-elementor-type=\"wp-page\" data-elementor-id=\"233\" class=\"elementor elementor-233\">\n\t\t\t\t\t\t<section class=\"elementor-section elementor-top-section elementor-element elementor-element-cefc8b8 elementor-section-boxed elementor-section-height-default elementor-section-height-default\" data-id=\"cefc8b8\" data-element_type=\"section\">\n\t\t\t\t\t\t<div class=\"elementor-container elementor-column-gap-default\">\n\t\t\t\t\t<div class=\"elementor-column elementor-col-100 elementor-top-column elementor-element elementor-element-7735b75\" data-id=\"7735b75\" data-element_type=\"column\">\n\t\t\t<div class=\"elementor-widget-wrap elementor-element-populated\">\n\t\t\t\t\t\t<div class=\"elementor-element elementor-element-ec19858 elementor-widget elementor-widget-text-editor\" data-id=\"ec19858\" data-element_type=\"widget\" data-widget_type=\"text-editor.default\">\n\t\t\t\t<div class=\"elementor-widget-container\">\n\t\t\t\t\t\t\t\t\t<h5><b>Dachdeckerarbeiten<\/b><\/h5><h5>&#8211; W\u00e4rmed\u00e4mmung an Dach und Au\u00dfenwand ( nach Energieeinsparverordnung )<\/h5><h5>&#8211; Eindecken \/ Abdecken von Haus \/ Industrie Wandfl\u00e4chen und D\u00e4chern mit Schiefer, Schindeln, Bitumenschindeln, Dachziegeln<\/h5><h5>&#8211; Abdichten von Dachfl\u00e4chen, Wand- und Bodenfl\u00e4chen<\/h5><h5>&#8211; Bekleiden von Au\u00dfenw\u00e4nden \/ Fassaden mit verschiedenen Materialien<\/h5><h5>&#8211; Aufbau von begr\u00fcnten D\u00e4chern ( Gr\u00fcndach )<\/h5><h5>&#8211; Einbau von Dachfenstern<\/h5><h5>&#8211; Planung &amp; Installation von Solaranlagen ( PV &#8211; Anlagen oder thermische Solaranlagen )<\/h5><h5>&#8211; Erstellen von Dachabdichtungen mit Bitumenbahnen, Kunststoffbahnen und Fl\u00fcssigkunststoff<\/h5>\t\t\t\t\t\t\t\t<\/div>\n\t\t\t\t<\/div>\n\t\t\t\t\t<\/div>\n\t\t<\/div>\n\t\t\t\t\t<\/div>\n\t\t<\/section>\n\t\t\t\t<section class=\"elementor-section elementor-top-section elementor-element elementor-element-0bbf001 elementor-section-boxed elementor-section-height-default elementor-section-height-default\" data-id=\"0bbf001\" data-element_type=\"section\">\n\t\t\t\t\t\t<div class=\"elementor-container elementor-column-gap-default\">\n\t\t\t\t\t<div class=\"elementor-column elementor-col-100 elementor-top-column elementor-element elementor-element-eeb39b1\" data-id=\"eeb39b1\" data-element_type=\"column\">\n\t\t\t<div class=\"elementor-widget-wrap elementor-element-populated\">\n\t\t\t\t\t\t<div class=\"elementor-element elementor-element-8d06e88 elementor-widget elementor-widget-text-editor\" data-id=\"8d06e88\" data-element_type=\"widget\" data-widget_type=\"text-editor.default\">\n\t\t\t\t<div class=\"elementor-widget-container\">\n\t\t\t\t\t\t\t\t\t<h5 style=\"caret-color: #000000; color: #000000;\"><b>Zimmererarbeiten<\/b><\/h5><h5 style=\"caret-color: #000000; color: #000000;\">&#8211; Neubau von Holzh\u00e4usern, Dachst\u00fchlen und anderen Holzkonstruktionen<\/h5><h5 style=\"caret-color: #000000; color: #000000;\">&#8211; Sanierung von Altbauten\u00a0<\/h5><h5 style=\"caret-color: #000000; color: #000000;\">&#8211; Planung, Abbinden &amp; Aufrichten von Dachst\u00fchlen<\/h5><h5 style=\"caret-color: #000000; color: #000000;\">&#8211; Bau- und Instandhaltung von Fachwerkkonstruktionen<\/h5><h5 style=\"caret-color: #000000; color: #000000;\">&#8211; Planung und Erstellung von Holzrahmenbau ( vorgefertigt oder individuell )<\/h5><h5 style=\"caret-color: #000000; color: #000000;\">&#8211; Konstruktion &amp; und Bau von Balkonen und Terrassen<\/h5><h5 style=\"caret-color: #000000; color: #000000;\">&#8211; Planung &amp; Herstellung von Carports und Terrassen\u00fcberdachungen<\/h5>\t\t\t\t\t\t\t\t<\/div>\n\t\t\t\t<\/div>\n\t\t\t\t\t<\/div>\n\t\t<\/div>\n\t\t\t\t\t<\/div>\n\t\t<\/section>\n\t\t\t\t<section class=\"elementor-section elementor-top-section elementor-element elementor-element-8ea8549 elementor-section-boxed elementor-section-height-default elementor-section-height-default\" data-id=\"8ea8549\" data-element_type=\"section\">\n\t\t\t\t\t\t<div class=\"elementor-container elementor-column-gap-default\">\n\t\t\t\t\t<div class=\"elementor-column elementor-col-100 elementor-top-column elementor-element elementor-element-d052c25\" data-id=\"d052c25\" data-element_type=\"column\">\n\t\t\t<div class=\"elementor-widget-wrap elementor-element-populated\">\n\t\t\t\t\t\t<div class=\"elementor-element elementor-element-35723d7 elementor-widget elementor-widget-text-editor\" data-id=\"35723d7\" data-element_type=\"widget\" data-widget_type=\"text-editor.default\">\n\t\t\t\t<div class=\"elementor-widget-container\">\n\t\t\t\t\t\t\t\t\t<h5 style=\"caret-color: #000000; color: #000000;\"><b>Dachklempner\u00a0<\/b><\/h5><h5 style=\"caret-color: #000000; color: #000000;\">&#8211; Herstellung und Montage von Dachrinnen, Fallrohren und anderen Systemen zur Abf\u00fchrung von Regenwasser<\/h5><h5 style=\"caret-color: #000000; color: #000000;\">&#8211; Anbringen von Blechverkleidungen an Fassaden, Balkonen und D\u00e4chern, sowie an Schornsteinen, Mauerabdeckungen und Fenstern<\/h5><h5 style=\"caret-color: #000000; color: #000000;\">&#8211; Herstellung und Montage von Fensterb\u00e4nken<\/h5><h5 style=\"caret-color: #000000; color: #000000;\">&#8211; Handwerkliche Spezialanfertigungen<\/h5>\t\t\t\t\t\t\t\t<\/div>\n\t\t\t\t<\/div>\n\t\t\t\t\t<\/div>\n\t\t<\/div>\n\t\t\t\t\t<\/div>\n\t\t<\/section>\n\t\t\t\t<section class=\"elementor-section elementor-top-section elementor-element elementor-element-3793d17 elementor-section-boxed elementor-section-height-default elementor-section-height-default\" data-id=\"3793d17\" data-element_type=\"section\">\n\t\t\t\t\t\t<div class=\"elementor-container elementor-column-gap-default\">\n\t\t\t\t\t<div class=\"elementor-column elementor-col-100 elementor-top-column elementor-element elementor-element-c4cb0df\" data-id=\"c4cb0df\" data-element_type=\"column\">\n\t\t\t<div class=\"elementor-widget-wrap elementor-element-populated\">\n\t\t\t\t\t\t<div class=\"elementor-element elementor-element-b872d1d elementor-widget elementor-widget-text-editor\" data-id=\"b872d1d\" data-element_type=\"widget\" data-widget_type=\"text-editor.default\">\n\t\t\t\t<div class=\"elementor-widget-container\">\n\t\t\t\t\t\t\t\t\t<h5 style=\"caret-color: #000000; color: #000000;\"><b>Asbest \/ Abbruch nach Gefahrstoffverordnung TRGS 519<\/b><\/h5><h5 style=\"caret-color: #000000; color: #000000;\">&#8211; Informationen und Planung von Antr\u00e4gen zur Asbestbeseitigung<\/h5><h5 style=\"caret-color: #000000; color: #000000;\">&#8211; Abschottung des Arbeitsbereiches\u00a0<\/h5><h5 style=\"caret-color: #000000; color: #000000;\">&#8211; Anfeuchten und Abdecken der asbesthaltigen Materialien um Staubentwicklung zu minimieren<\/h5><h5 style=\"caret-color: #000000; color: #000000;\">&#8211; Vorsichtiges abbauen des Materials<\/h5><h5>&#8211; \u00a0Abf\u00e4lle m\u00fcssen staubdicht und rei\u00dffest verpackt werden<\/h5><p>&#8211; Abf\u00e4lle werden in gekennzeichneten Beh\u00e4ltern bei einer daf\u00fcr zugelassenen Annahmestelle entsorgt<\/p>\t\t\t\t\t\t\t\t<\/div>\n\t\t\t\t<\/div>\n\t\t\t\t\t<\/div>\n\t\t<\/div>\n\t\t\t\t\t<\/div>\n\t\t<\/section>\n\t\t\t\t<section class=\"elementor-section elementor-top-section elementor-element elementor-element-e580484 elementor-section-boxed elementor-section-height-default elementor-section-height-default\" data-id=\"e580484\" data-element_type=\"section\">\n\t\t\t\t\t\t<div class=\"elementor-container elementor-column-gap-default\">\n\t\t\t\t\t<div class=\"elementor-column elementor-col-100 elementor-top-column elementor-element elementor-element-7abc608\" data-id=\"7abc608\" data-element_type=\"column\">\n\t\t\t<div class=\"elementor-widget-wrap elementor-element-populated\">\n\t\t\t\t\t\t<div class=\"elementor-element elementor-element-d985b00 elementor-widget elementor-widget-text-editor\" data-id=\"d985b00\" data-element_type=\"widget\" data-widget_type=\"text-editor.default\">\n\t\t\t\t<div class=\"elementor-widget-container\">\n\t\t\t\t\t\t\t\t\t<h5 style=\"caret-color: #000000; color: #000000;\"><b>Um- und Ausbau<\/b><\/h5><h5 style=\"caret-color: #000000; color: #000000;\">&#8211; Maurerarbeiten wie z.B. den Rohbau von Geb\u00e4uden mit verschiedenen Materialien wie Ziegeln, Beton oder Naturstein<\/h5><h5 style=\"caret-color: #000000; color: #000000;\">&#8211; Fassaden- und Putzarbeiten z.B. W\u00e4rmed\u00e4mmverbundsystem sowie Innen- und Au\u00dfenputze\u00a0<\/h5><h5 style=\"caret-color: #000000; color: #000000;\">&#8211; Trockenbaubarbeiten, Errichtung von nicht tragenden Decken, B\u00f6den und W\u00e4nden<\/h5><h5>&#8211; Fliesenlegerarbeiten f\u00fcr den Innen- und Au\u00dfenbereich ( B\u00e4der, K\u00fcchen, Balkone &amp; Terrassen )<\/h5><h5>&#8211; Tiefbauarbeiten, verlegen von Pflastersteinen oder Asphalt, Erdarbeiten sowie Einau und Instandhaltung von Rohrleitungssystemen<\/h5>\t\t\t\t\t\t\t\t<\/div>\n\t\t\t\t<\/div>\n\t\t\t\t\t<\/div>\n\t\t<\/div>\n\t\t\t\t\t<\/div>\n\t\t<\/section>\n\t\t\t\t<section class=\"elementor-section elementor-top-section elementor-element elementor-element-70fe4eb elementor-section-boxed elementor-section-height-default elementor-section-height-default\" data-id=\"70fe4eb\" data-element_type=\"section\">\n\t\t\t\t\t\t<div class=\"elementor-container elementor-column-gap-default\">\n\t\t\t\t\t<div class=\"elementor-column elementor-col-100 elementor-top-column elementor-element elementor-element-4c11f50\" data-id=\"4c11f50\" data-element_type=\"column\">\n\t\t\t<div class=\"elementor-widget-wrap elementor-element-populated\">\n\t\t\t\t\t\t<div class=\"elementor-element elementor-element-a6bf8e7 elementor-widget elementor-widget-text-editor\" data-id=\"a6bf8e7\" data-element_type=\"widget\" data-widget_type=\"text-editor.default\">\n\t\t\t\t<div class=\"elementor-widget-container\">\n\t\t\t\t\t\t\t\t\t<h5><strong>Schl\u00fcsselfertige Bauprojekte<\/strong><\/h5><h5>Unsere schl\u00fcsselfertigen Bauprojekte werden von kompetenten Partnerfirmen aus der Region umgesetzt, wobei wir eine kleine Bauvorlageberechtigung f\u00fcr eine z\u00fcgige Vorpr\u00fcfung erm\u00f6glicht.<\/h5>\t\t\t\t\t\t\t\t<\/div>\n\t\t\t\t<\/div>\n\t\t\t\t\t<\/div>\n\t\t<\/div>\n\t\t\t\t\t<\/div>\n\t\t<\/section>\n\t\t\t\t<\/div>\n\t\t","protected":false},"excerpt":{"rendered":"<p>Dachdeckerarbeiten &#8211; W\u00e4rmed\u00e4mmung an Dach und Au\u00dfenwand ( nach Energieeinsparverordnung ) &#8211; Eindecken \/ Abdecken von Haus \/ Industrie Wandfl\u00e4chen und D\u00e4chern mit Schiefer, Schindeln, Bitumenschindeln, Dachziegeln &#8211; Abdichten von Dachfl\u00e4chen, Wand- und Bodenfl\u00e4chen &#8211; Bekleiden von Au\u00dfenw\u00e4nden \/ Fassaden mit verschiedenen Materialien &#8211; Aufbau von begr\u00fcnten D\u00e4chern ( Gr\u00fcndach ) &#8211; Einbau von Dachfenstern [&hellip;]<\/p>\n","protected":false},"author":1,"featured_media":0,"parent":0,"menu_order":0,"comment_status":"closed","ping_status":"closed","template":"","meta":{"footnotes":""},"class_list":["post-233","page","type-page","status-publish","hentry"],"_links":{"self":[{"href":"https:\/\/dachundbaugmbh.de\/index.php?rest_route=\/wp\/v2\/pages\/233","targetHints":{"allow":["GET"]}}],"collection":[{"href":"https:\/\/dachundbaugmbh.de\/index.php?rest_route=\/wp\/v2\/pages"}],"about":[{"href":"https:\/\/dachundbaugmbh.de\/index.php?rest_route=\/wp\/v2\/types\/page"}],"author":[{"embeddable":true,"href":"https:\/\/dachundbaugmbh.de\/index.php?rest_route=\/wp\/v2\/users\/1"}],"replies":[{"embeddable":true,"href":"https:\/\/dachundbaugmbh.de\/index.php?rest_route=%2Fwp%2Fv2%2Fcomments&post=233"}],"version-history":[{"count":29,"href":"https:\/\/dachundbaugmbh.de\/index.php?rest_route=\/wp\/v2\/pages\/233\/revisions"}],"predecessor-version":[{"id":589,"href":"https:\/\/dachundbaugmbh.de\/index.php?rest_route=\/wp\/v2\/pages\/233\/revisions\/589"}],"wp:attachment":[{"href":"https:\/\/dachundbaugmbh.de\/index.php?rest_route=%2Fwp%2Fv2%2Fmedia&parent=233"}],"curies":[{"name":"wp","href":"https:\/\/api.w.org\/{rel}","templated":true}]}}