{"id":130,"date":"2023-06-09T22:19:42","date_gmt":"2023-06-09T22:19:42","guid":{"rendered":"https:\/\/dachundbaugmbh.de\/?page_id=130"},"modified":"2025-08-24T21:30:28","modified_gmt":"2025-08-24T21:30:28","slug":"kontakt-2","status":"publish","type":"page","link":"https:\/\/dachundbaugmbh.de\/?page_id=130","title":{"rendered":"Kontakt"},"content":{"rendered":"\t\t<div data-elementor-type=\"wp-page\" data-elementor-id=\"130\" class=\"elementor elementor-130\">\n\t\t\t\t\t\t<section class=\"elementor-section elementor-top-section elementor-element elementor-element-5bc37b2 elementor-section-boxed elementor-section-height-default elementor-section-height-default\" data-id=\"5bc37b2\" data-element_type=\"section\">\n\t\t\t\t\t\t<div class=\"elementor-container elementor-column-gap-default\">\n\t\t\t\t\t<div class=\"elementor-column elementor-col-100 elementor-top-column elementor-element elementor-element-767a222\" data-id=\"767a222\" data-element_type=\"column\">\n\t\t\t<div class=\"elementor-widget-wrap elementor-element-populated\">\n\t\t\t\t\t\t<div class=\"elementor-element elementor-element-51713cd elementor-widget elementor-widget-image\" data-id=\"51713cd\" data-element_type=\"widget\" data-widget_type=\"image.default\">\n\t\t\t\t<div class=\"elementor-widget-container\">\n\t\t\t\t\t\t\t\t\t\t\t\t<figure class=\"wp-caption\">\n\t\t\t\t\t\t\t\t\t\t<img fetchpriority=\"high\" decoding=\"async\" width=\"227\" height=\"300\" src=\"https:\/\/dachundbaugmbh.de\/wp-content\/uploads\/2025\/08\/Joerg-Mueller-227x300.jpg\" class=\"attachment-medium size-medium wp-image-440\" alt=\"\" srcset=\"https:\/\/dachundbaugmbh.de\/wp-content\/uploads\/2025\/08\/Joerg-Mueller-227x300.jpg 227w, https:\/\/dachundbaugmbh.de\/wp-content\/uploads\/2025\/08\/Joerg-Mueller-773x1024.jpg 773w, https:\/\/dachundbaugmbh.de\/wp-content\/uploads\/2025\/08\/Joerg-Mueller-768x1017.jpg 768w, https:\/\/dachundbaugmbh.de\/wp-content\/uploads\/2025\/08\/Joerg-Mueller-1160x1536.jpg 1160w, https:\/\/dachundbaugmbh.de\/wp-content\/uploads\/2025\/08\/Joerg-Mueller-e1755897922736.jpg 200w\" sizes=\"(max-width: 227px) 100vw, 227px\" \/>\t\t\t\t\t\t\t\t\t\t\t<figcaption class=\"widget-image-caption wp-caption-text\">Firmengr\u00fcnder und Gesch\u00e4ftsf\u00fchrer J\u00f6rg M\u00fcller 0178\/5016365<\/figcaption>\n\t\t\t\t\t\t\t\t\t\t<\/figure>\n\t\t\t\t\t\t\t\t\t<\/div>\n\t\t\t\t<\/div>\n\t\t\t\t<div class=\"elementor-element elementor-element-f648606 elementor-widget elementor-widget-image\" data-id=\"f648606\" data-element_type=\"widget\" data-widget_type=\"image.default\">\n\t\t\t\t<div class=\"elementor-widget-container\">\n\t\t\t\t\t\t\t\t\t\t\t\t<figure class=\"wp-caption\">\n\t\t\t\t\t\t\t\t\t\t<img decoding=\"async\" width=\"777\" height=\"1024\" src=\"https:\/\/dachundbaugmbh.de\/wp-content\/uploads\/2025\/08\/Christian-Mueller.jpg\" class=\"attachment-large size-large wp-image-438\" alt=\"\" \/>\t\t\t\t\t\t\t\t\t\t\t<figcaption class=\"widget-image-caption wp-caption-text\">Gesch\u00e4ftsf\u00fchrer Christian M\u00fcller 0170\/9381840<\/figcaption>\n\t\t\t\t\t\t\t\t\t\t<\/figure>\n\t\t\t\t\t\t\t\t\t<\/div>\n\t\t\t\t<\/div>\n\t\t\t\t<div class=\"elementor-element elementor-element-9ece1e3 elementor-widget elementor-widget-image\" data-id=\"9ece1e3\" data-element_type=\"widget\" data-widget_type=\"image.default\">\n\t\t\t\t<div class=\"elementor-widget-container\">\n\t\t\t\t\t\t\t\t\t\t\t\t<figure class=\"wp-caption\">\n\t\t\t\t\t\t\t\t\t\t<img decoding=\"async\" width=\"768\" height=\"1024\" src=\"https:\/\/dachundbaugmbh.de\/wp-content\/uploads\/2025\/08\/Claudia-Mueller-768x1024.jpg\" class=\"attachment-large size-large wp-image-439\" alt=\"\" srcset=\"https:\/\/dachundbaugmbh.de\/wp-content\/uploads\/2025\/08\/Claudia-Mueller-768x1024.jpg 768w, https:\/\/dachundbaugmbh.de\/wp-content\/uploads\/2025\/08\/Claudia-Mueller-225x300.jpg 225w, https:\/\/dachundbaugmbh.de\/wp-content\/uploads\/2025\/08\/Claudia-Mueller-1152x1536.jpg 1152w, https:\/\/dachundbaugmbh.de\/wp-content\/uploads\/2025\/08\/Claudia-Mueller.jpg 1200w\" sizes=\"(max-width: 768px) 100vw, 768px\" \/>\t\t\t\t\t\t\t\t\t\t\t<figcaption class=\"widget-image-caption wp-caption-text\">Assistenz der Gesch\u00e4ftsf\u00fchrung 034692\/38488<\/figcaption>\n\t\t\t\t\t\t\t\t\t\t<\/figure>\n\t\t\t\t\t\t\t\t\t<\/div>\n\t\t\t\t<\/div>\n\t\t\t\t\t<\/div>\n\t\t<\/div>\n\t\t\t\t\t<\/div>\n\t\t<\/section>\n\t\t\t\t<section class=\"elementor-section elementor-top-section elementor-element elementor-element-6dca26e elementor-section-boxed elementor-section-height-default elementor-section-height-default\" data-id=\"6dca26e\" data-element_type=\"section\">\n\t\t\t\t\t\t<div class=\"elementor-container elementor-column-gap-default\">\n\t\t\t\t\t<div class=\"elementor-column elementor-col-100 elementor-top-column elementor-element elementor-element-95537ce\" data-id=\"95537ce\" data-element_type=\"column\">\n\t\t\t<div class=\"elementor-widget-wrap elementor-element-populated\">\n\t\t\t\t\t\t<div class=\"elementor-element elementor-element-682d18d elementor-widget elementor-widget-image\" data-id=\"682d18d\" data-element_type=\"widget\" data-widget_type=\"image.default\">\n\t\t\t\t<div class=\"elementor-widget-container\">\n\t\t\t\t\t\t\t\t\t\t\t\t<figure class=\"wp-caption\">\n\t\t\t\t\t\t\t\t\t\t<img loading=\"lazy\" decoding=\"async\" width=\"779\" height=\"1024\" src=\"https:\/\/dachundbaugmbh.de\/wp-content\/uploads\/2025\/08\/Robert-Stratmann-779x1024.jpg\" class=\"attachment-large size-large wp-image-441\" alt=\"\" srcset=\"https:\/\/dachundbaugmbh.de\/wp-content\/uploads\/2025\/08\/Robert-Stratmann-779x1024.jpg 779w, https:\/\/dachundbaugmbh.de\/wp-content\/uploads\/2025\/08\/Robert-Stratmann-228x300.jpg 228w, https:\/\/dachundbaugmbh.de\/wp-content\/uploads\/2025\/08\/Robert-Stratmann-768x1010.jpg 768w, https:\/\/dachundbaugmbh.de\/wp-content\/uploads\/2025\/08\/Robert-Stratmann-1168x1536.jpg 1168w, https:\/\/dachundbaugmbh.de\/wp-content\/uploads\/2025\/08\/Robert-Stratmann.jpg 1170w\" sizes=\"(max-width: 779px) 100vw, 779px\" \/>\t\t\t\t\t\t\t\t\t\t\t<figcaption class=\"widget-image-caption wp-caption-text\">Maurermeister Robert Stratmann 0177\/7487865<\/figcaption>\n\t\t\t\t\t\t\t\t\t\t<\/figure>\n\t\t\t\t\t\t\t\t\t<\/div>\n\t\t\t\t<\/div>\n\t\t\t\t\t<\/div>\n\t\t<\/div>\n\t\t\t\t\t<\/div>\n\t\t<\/section>\n\t\t\t\t<section class=\"elementor-section elementor-top-section elementor-element elementor-element-8088719 elementor-section-boxed elementor-section-height-default elementor-section-height-default\" data-id=\"8088719\" data-element_type=\"section\">\n\t\t\t\t\t\t<div class=\"elementor-container elementor-column-gap-default\">\n\t\t\t\t\t<div class=\"elementor-column elementor-col-100 elementor-top-column elementor-element elementor-element-ab28bee\" data-id=\"ab28bee\" data-element_type=\"column\">\n\t\t\t<div class=\"elementor-widget-wrap elementor-element-populated\">\n\t\t\t\t\t\t<div class=\"elementor-element elementor-element-ad9fd22 elementor-widget elementor-widget-image\" data-id=\"ad9fd22\" data-element_type=\"widget\" data-widget_type=\"image.default\">\n\t\t\t\t<div class=\"elementor-widget-container\">\n\t\t\t\t\t\t\t\t\t\t\t\t<figure class=\"wp-caption\">\n\t\t\t\t\t\t\t\t\t\t<img loading=\"lazy\" decoding=\"async\" width=\"768\" height=\"1024\" src=\"https:\/\/dachundbaugmbh.de\/wp-content\/uploads\/2025\/08\/Silvia-Heine-768x1024.jpg\" class=\"attachment-large size-large wp-image-442\" alt=\"\" srcset=\"https:\/\/dachundbaugmbh.de\/wp-content\/uploads\/2025\/08\/Silvia-Heine-768x1023.jpg 768w, https:\/\/dachundbaugmbh.de\/wp-content\/uploads\/2025\/08\/Silvia-Heine-225x300.jpg 225w, https:\/\/dachundbaugmbh.de\/wp-content\/uploads\/2025\/08\/Silvia-Heine-1153x1536.jpg 1153w, https:\/\/dachundbaugmbh.de\/wp-content\/uploads\/2025\/08\/Silvia-Heine.jpg 1200w\" sizes=\"(max-width: 768px) 100vw, 768px\" \/>\t\t\t\t\t\t\t\t\t\t\t<figcaption class=\"widget-image-caption wp-caption-text\">Backoffice Mitarbeiterin Silvia Heine 034692\/38488<\/figcaption>\n\t\t\t\t\t\t\t\t\t\t<\/figure>\n\t\t\t\t\t\t\t\t\t<\/div>\n\t\t\t\t<\/div>\n\t\t\t\t\t<\/div>\n\t\t<\/div>\n\t\t\t\t\t<\/div>\n\t\t<\/section>\n\t\t\t\t<section class=\"elementor-section elementor-top-section elementor-element elementor-element-0d68dc6 elementor-section-boxed elementor-section-height-default elementor-section-height-default\" data-id=\"0d68dc6\" data-element_type=\"section\">\n\t\t\t\t\t\t<div class=\"elementor-container elementor-column-gap-default\">\n\t\t\t\t\t<div class=\"elementor-column elementor-col-100 elementor-top-column elementor-element elementor-element-59f17c3\" data-id=\"59f17c3\" data-element_type=\"column\">\n\t\t\t<div class=\"elementor-widget-wrap elementor-element-populated\">\n\t\t\t\t\t\t<div class=\"elementor-element elementor-element-3d2c609 elementor-widget elementor-widget-text-editor\" data-id=\"3d2c609\" data-element_type=\"widget\" data-widget_type=\"text-editor.default\">\n\t\t\t\t<div class=\"elementor-widget-container\">\n\t\t\t\t\t\t\t\t\t<h5>Firma M\u00fcller Dach und Bau GmbH<br \/>Bernburger Str. 29<br \/>06425 Alsleben<br \/>e-Mail: info@dachundbaugmbh.de<br \/>\u00a0 \u00a0 \u00a0 \u00a0 \u00a0 \u00a0 \u00a0 \u00a0 \u00a0 \u00a0 \u00a0 \u00a0 \u00a0 \u00a0 \u00a0 \u00a0 \u00a0 \u00a0 \u00a0 \u00a0 \u00a0 \u00a0 \u00a0 \u00a0 \u00a0 \u00a0 \u00a0 \u00a0 \u00a0 \u00a0 \u00a0 \u00a0 \u00a0 \u00a0 \u00a0 \u00a0 \u00a0 \u00a0 \u00a0 \u00a0 \u00a0Telefon: 034692\/38488 \u00a0 \u00a0 \u00a0 \u00a0 \u00a0 \u00a0 \u00a0 \u00a0 \u00a0 \u00a0 \u00a0 \u00a0 \u00a0 \u00a0 \u00a0 \u00a0 \u00a0 \u00a0 \u00a0 \u00a0 \u00a0 \u00a0 \u00a0 \u00a0 \u00a0 \u00a0 \u00a0 \u00a0 \u00a0 \u00a0 \u00a0 \u00a0 \u00a0 \u00a0 \u00a0 \u00a0 \u00a0 \u00a0 \u00a0 \u00a0 Fax: 034692\/38489<\/h5>\t\t\t\t\t\t\t\t<\/div>\n\t\t\t\t<\/div>\n\t\t\t\t\t<\/div>\n\t\t<\/div>\n\t\t\t\t\t<\/div>\n\t\t<\/section>\n\t\t\t\t<section class=\"elementor-section elementor-top-section elementor-element elementor-element-1cf9a0a elementor-section-boxed elementor-section-height-default elementor-section-height-default\" data-id=\"1cf9a0a\" data-element_type=\"section\">\n\t\t\t\t\t\t<div class=\"elementor-container elementor-column-gap-default\">\n\t\t\t\t\t<div class=\"elementor-column elementor-col-100 elementor-top-column elementor-element elementor-element-4626f07\" data-id=\"4626f07\" data-element_type=\"column\">\n\t\t\t<div class=\"elementor-widget-wrap elementor-element-populated\">\n\t\t\t\t\t\t<div class=\"elementor-element elementor-element-82939fc elementor-widget__width-initial elementor-widget elementor-widget-google_maps\" data-id=\"82939fc\" data-element_type=\"widget\" data-widget_type=\"google_maps.default\">\n\t\t\t\t<div class=\"elementor-widget-container\">\n\t\t\t\t\t\t\t<div class=\"elementor-custom-embed\">\n\t\t\t<iframe loading=\"lazy\"\n\t\t\t\t\tsrc=\"https:\/\/maps.google.com\/maps?q=Bernburger%20Stra%C3%9Fe%2029%20Alsleben&#038;t=m&#038;z=11&#038;output=embed&#038;iwloc=near\"\n\t\t\t\t\ttitle=\"Bernburger Stra\u00dfe 29 Alsleben\"\n\t\t\t\t\taria-label=\"Bernburger Stra\u00dfe 29 Alsleben\"\n\t\t\t><\/iframe>\n\t\t<\/div>\n\t\t\t\t\t\t<\/div>\n\t\t\t\t<\/div>\n\t\t\t\t\t<\/div>\n\t\t<\/div>\n\t\t\t\t\t<\/div>\n\t\t<\/section>\n\t\t\t\t<\/div>\n\t\t","protected":false},"excerpt":{"rendered":"<p>Firmengr\u00fcnder und Gesch\u00e4ftsf\u00fchrer J\u00f6rg M\u00fcller 0178\/5016365 Gesch\u00e4ftsf\u00fchrer Christian M\u00fcller 0170\/9381840 Assistenz der Gesch\u00e4ftsf\u00fchrung 034692\/38488 Maurermeister Robert Stratmann 0177\/7487865 Backoffice Mitarbeiterin Silvia Heine 034692\/38488 Firma M\u00fcller Dach und Bau GmbHBernburger Str. 2906425 Alslebene-Mail: info@dachundbaugmbh.de\u00a0 \u00a0 \u00a0 \u00a0 \u00a0 \u00a0 \u00a0 \u00a0 \u00a0 \u00a0 \u00a0 \u00a0 \u00a0 \u00a0 \u00a0 \u00a0 \u00a0 \u00a0 \u00a0 \u00a0 \u00a0 \u00a0 \u00a0 [&hellip;]<\/p>\n","protected":false},"author":1,"featured_media":0,"parent":0,"menu_order":0,"comment_status":"closed","ping_status":"closed","template":"","meta":{"footnotes":""},"class_list":["post-130","page","type-page","status-publish","hentry"],"_links":{"self":[{"href":"https:\/\/dachundbaugmbh.de\/index.php?rest_route=\/wp\/v2\/pages\/130","targetHints":{"allow":["GET"]}}],"collection":[{"href":"https:\/\/dachundbaugmbh.de\/index.php?rest_route=\/wp\/v2\/pages"}],"about":[{"href":"https:\/\/dachundbaugmbh.de\/index.php?rest_route=\/wp\/v2\/types\/page"}],"author":[{"embeddable":true,"href":"https:\/\/dachundbaugmbh.de\/index.php?rest_route=\/wp\/v2\/users\/1"}],"replies":[{"embeddable":true,"href":"https:\/\/dachundbaugmbh.de\/index.php?rest_route=%2Fwp%2Fv2%2Fcomments&post=130"}],"version-history":[{"count":118,"href":"https:\/\/dachundbaugmbh.de\/index.php?rest_route=\/wp\/v2\/pages\/130\/revisions"}],"predecessor-version":[{"id":613,"href":"https:\/\/dachundbaugmbh.de\/index.php?rest_route=\/wp\/v2\/pages\/130\/revisions\/613"}],"wp:attachment":[{"href":"https:\/\/dachundbaugmbh.de\/index.php?rest_route=%2Fwp%2Fv2%2Fmedia&parent=130"}],"curies":[{"name":"wp","href":"https:\/\/api.w.org\/{rel}","templated":true}]}}